{"id":196,"date":"2024-08-10T00:13:00","date_gmt":"2024-08-09T22:13:00","guid":{"rendered":"https:\/\/fabianskajelinska.com\/?page_id=196"},"modified":"2025-07-21T14:00:30","modified_gmt":"2025-07-21T12:00:30","slug":"bio","status":"publish","type":"page","link":"https:\/\/fabianskajelinska.com\/en\/bio\/","title":{"rendered":"Bio PL"},"content":{"rendered":"<p>Ewa Fabia\u0144ska-Jeli\u0144ska uczy\u0142a si\u0119 kompozycji od najm\u0142odszych lat, pocz\u0105tkowo w klasie kompozycji Magdaleny Cynk w Zespole Szk\u00f3\u0142 Muzycznych im. K. Szymanowskiego w Toruniu. W 2013 roku uko\u0144czy\u0142a z wyr\u00f3\u017cnieniem Akademi\u0119 Muzyczn\u0105 im. I. J. Paderewskiego w Poznaniu (klasa kompozycji prof. Z. Kozuba). Jest tak\u017ce absolwentk\u0105 studi\u00f3w podyplomowych z kompozycji (2014) w uczelni Universit\u00e4t f\u00fcr Musik und darstellende Kunst w Wiedniu (klasa kompozycji prof. R. Kargera) oraz studi\u00f3w licencjackich z zakresu muzykologii na Uniwersytecie im. A. Mickiewicza w Poznaniu.&nbsp;W roku 2016 uzyska\u0142a stopie\u0144 doktora w dziedzinie sztuk muzycznych w dyscyplinie artystycznej kompozycja i teoria muzyki, a w roku 2023 stopie\u0144 doktora habilitowanego.<\/p>\n\n\n\n<p>&nbsp;Jest laureatk\u0105 kilkudziesi\u0119ciu presti\u017cowych og\u00f3lnopolskich i mi\u0119dzynarodowych konkurs\u00f3w kompozytorskich m.in. Mi\u0119dzynarodowego Konkursu Kompozytorskiego w Oklahoma City, USA (2010), Mi\u0119dzynarodowego Konkursu Kompozytorskiego Gramodeska w Pradze (2011), Og\u00f3lnopolskiego Konkursu Kompozytorskiego im. T. Ochlewskiego, organizowanego przez Polskie Wydawnictwo Muzyczne (2011 oraz 2015), Mi\u0119dzynarodowego Konkursu Kompozytorskiego Marathon V-Festival for young contemporary music w Wiedniu (2013), Og\u00f3lnopolskiego Konkursu Kompozytorskiego KM Zwi\u0105zku Kompozytor\u00f3w Polskich im. Z. Mycielskiego (2013, 2014), XIV. International Forum Music of Youth w Kijowie (2016), Special Prize European Piano Bridge na IV Mi\u0119dzynarodowym Konkursie Kompozytorskim Artistes en Herbe w Luksemburgu (2017), II Nagrody na Mi\u0119dzynarodowym Konkursie Kompozytorskim First Accordion Composition Competition Fidelio w Madrycie (2017), III Nagrody na Mi\u0119dzynarodowym Konkursie Kompozytorskim&nbsp;4th Opus Dissonus Composition Competition 2018 w Brazylii (2018), Mi\u0119dzynarodowego Konkursu Kompozytorskiego KALEIDOSCOPE 2019 w Los Angeles, USA (2019), Mi\u0119dzynarodowego Konkursu Kompozytorskiego Subtle Cheetah Brass Quintet w Nowym Jorku (2019), International Composition Competition NEW VISION w Nowym Jorku (2020), International Call for Score Musica Prospettiva we W\u0142oszech (2020-2021), wyr\u00f3\u017cnienie w Mi\u0119dzynarodowym Konkursie Kompozytorskim Classic Pure Vienna International Music Competition w Wiedniu (2022), wyr\u00f3\u017cnienie w IX International Piano Competition Smederevo w kategorii kompozycji w Serbii (2022) czy Z\u0142oty Dyplom w kategorii \u201eKompozycja\u201d w Mi\u0119dzynarodowym Konkursie \u201eMuzyczne Or\u0142y\u201d (2023).<\/p>\n\n\n\n<p>Ewa Fabia\u0144ska-Jeli\u0144ska otrzyma\u0142a wiele stypendi\u00f3w artystycznych i naukowych m.in. Stypendia Ministra Kultury i Dziedzictwa Narodowego (2012, 2020, 2024, w tym stypendium \u201eM\u0142oda Polska\u201d), Stypendia Tw\u00f3rcze Zaiks, Stypendium dla Wybitnych M\u0142odych Naukowc\u00f3w, przyznawane przez Ministerstwo Nauki i Szkolnictwa Wy\u017cszego (2017-2020), Kultura polska na \u015bwiecie (Instytut Adama Mickiewicza) czy Medal M\u0142odej Sztuki G\u0142osu Wielkopolskiego (2020).&nbsp;&nbsp;&nbsp;&nbsp;&nbsp;&nbsp;&nbsp;&nbsp;&nbsp;&nbsp;&nbsp;&nbsp;&nbsp;&nbsp;&nbsp;&nbsp; &nbsp;&nbsp;&nbsp;&nbsp;&nbsp;&nbsp;&nbsp;&nbsp;&nbsp;&nbsp;&nbsp;&nbsp;&nbsp;&nbsp;&nbsp;&nbsp;&nbsp;&nbsp;&nbsp;&nbsp;&nbsp;&nbsp;&nbsp;<\/p>\n\n\n\n<p>Jej utwory s\u0105 niezwykle cz\u0119sto wykonywane w kraju oraz podczas licznych presti\u017cowych festiwali i koncert\u00f3w muzyki wsp\u00f3\u0142czesnej w Europie (Austria, Belgia, Francja, Czechy, Litwa, Dania, Estonia, Grecja, Hiszpania, Portugalia, Holandia, Irlandia, Luksemburg, Niemcy, W\u0142ochy, Norwegia, Majorka, S\u0142owenia, Szwecja, Ukraina, Islandia, W\u0119gry, Szwajcaria, Kosowo), Azji (Indonezja, Iran, Korea Po\u0142udniowa, Tajlandia, Wietnam), Ameryce P\u00f3\u0142nocnej (Nowy Jork, Kalifornia, Oklahoma City, Nowy Meksyk, Kansas, New Jersey, Sacramento), Ameryce Po\u0142udniowej (Brazylia) oraz w Australii (Sydney). Kompozycja m\u0142odej artystki <em>Trzy Ta\u0144ce Polskie&nbsp;<\/em>na kwintet d\u0119ty blaszany zosta\u0142a zakwalifikowana przez mi\u0119dzynarodowe jury oraz wykonana w&nbsp;2016 roku podczas jednego z najwa\u017cniejszych festiwali muzyki nowej na \u015bwiecie \u2013 \u015awiatowych Dni Muzyki w Korei Po\u0142udniowej, kt\u00f3ry jest organizowany przez Mi\u0119dzynarodowe Towarzystwo Muzyki Wsp\u00f3\u0142czesnej (ISCM). Kompozytorka by\u0142a jedn\u0105<br>z najm\u0142odszych uczestniczek tego Festiwalu.&nbsp;W 2018 roku jej utw\u00f3r <em>Medytacja III <\/em>zosta\u0142 wybrany spo\u015br\u00f3d ponad 1000 kompozycji do wykonania w ramach SCI Conference na Uniwersytecie w Nowym Meksyku (USA). W ostatnich latach kompozycje Ewy Fabia\u0144skiej-Jeli\u0144skiej zosta\u0142y zaprezentowane m.in. podczas nast\u0119puj\u0105cych i koncert\u00f3w i festiwali: Festiwal Prawykona\u0144 w Katowicach, LOOP 11 w Belgii, Eesti Muusika P\u00e4evad w Estonii, Tehran Contemporary Music Festival w Iranie, Internationales Posaunen Festival IPV w Bazylei, podczas koncertu laureat\u00f3w mi\u0119dzynarodowego konkursu kompozytorskiego w Mozarthaus w Wiedniu, Word and music on exile and asylum w Filharmonii Berli\u0144skiej czy w ramach Mi\u0119dzynarodowego Festiwalu Fletowego w Sydney Opera House.<\/p>\n\n\n\n<p>It is worth emphasising that Ewa Fabia\u0144ska-Jeli\u0144ska has participated twice in the national programme \u201cMusic of Our Times\u201d (Krzysztof Penderecki European Centre for Music in Lus\u0142awice) via a competition in recent years and was a resident of the Feliks Nowowiejski Music Society.<\/p>\n\n\n\n<p>Kompozytorka wsp\u00f3\u0142pracowa\u0142a do tej pory m.in. z nast\u0119puj\u0105cymi zespo\u0142ami i orkiestrami: Sac State Trombone Ensemble (USA), the New Mexico Contemporary Ensemble (USA), Subtle Cheetah (USA), The Oklahoma State University Trombone Ensemble (USA), SzegEd TRombone ENsemble (W\u0119gry), Prague Modern (Czechy), United Instruments of Lucilin (Luksemburg), TrombQuartet, Duo Wola\u0144ska\/Gajda, Sepia Ensemble, Polish Violin Duo, Kwartet \u015al\u0105ski, Neoquartet; Ch\u00f3r Narodowego Forum Muzyki we Wroc\u0142awiu, Orkiestra Kameralna Polskiego Radia Amadeus, Baltic Neopolis Orchestra, Orkiestra Filharmonii Pozna\u0144skiej, Orkiestra Filharmonii Sudeckiej, Ch\u00f3r i Orkiestra Cappella Gedanensis, Orkiestra Filharmonii \u015awi\u0119tokrzyskiej, Orkiestra Filharmonii Zielonog\u00f3rskiej, Sinfonietta Cracovia, Toru\u0144ska Orkiestra Symfoniczna, oraz z takimi dyrygentami, jak: Agnieszka Duczmal, \u0141ukasz Borowicz, Szymon Bywalec, Jakub Chrenowicz, Henry Kennedy, Rafa\u0142 K\u0142oczko, Katarzyna Tomala-Jedynak, Monika Woli\u0144ska, Martyna Zych czy Agnieszka Frank\u00f3w-\u017belazny.<\/p>\n\n\n\n<p>Utwory Ewy Fabia\u0144skiej-Jeli\u0144skiej s\u0105 regularnie wydawane m.in. przez&nbsp;Polskie Wydawnictwo Muzyczne&nbsp;PWM,&nbsp;DUX, Ars Musica, Wydawnictwo Stowarzyszenia Polskich Muzyk\u00f3w Kameralist\u00f3w, Acte Pr\u00e9lable,&nbsp;Crescendo Brass z Niemiec (zam\u00f3wienie specjalne Internationale Posaunenvereinigung), DA VINCI Publishing (Japonia\/W\u0142ochy) czy&nbsp;Norsk Musikforlag&nbsp;z Norwegii.<\/p>\n\n\n\n<p>In 2021, the composer's first monographic album was released <em>Ewa Fabia\u0144ska-Jeli\u0144ska. Chamber Music<\/em>, wydana przez DUX, za kt\u00f3r\u0105 kompozytorka otrzyma\u0142a Bronze Medal na presti\u017cowym konkursie Global Music Awards w Kalifornii w 2 kategoriach: composition\/composer oraz emerging artists. Kompozytorka ma na swoim koncie r\u00f3wnie\u017c nominacj\u0119 do nagrody muzycznej FRYDERYK za opracowanie utworu Krzysztofa Pendereckiego <em>Winterreise <\/em>na puzon i orkiestr\u0119 symfoniczn\u0105.<\/p>\n\n\n\n<p>Ewa Fabia\u0144ska-Jeli\u0144ska, who received the honorary badge \"Meritorious for Polish Culture\" (2021), is the President of the Pozna\u0144 branch of the Polish Composers' Union, a member of the Polish Society of Contemporary Music, and an assistant professor at the I.J. Paderewski Academy of Music in Pozna\u0144.<\/p>\n\n\n\n<figure class=\"wp-block-gallery has-nested-images columns-default is-cropped wp-block-gallery-1 is-layout-flex wp-block-gallery-is-layout-flex\">\n<figure class=\"wp-block-image size-large\"><img loading=\"lazy\" decoding=\"async\" width=\"1024\" height=\"683\" data-id=\"378\" src=\"https:\/\/fabianskajelinska.com\/wp-content\/uploads\/2025\/07\/fot-Studio-Trakcja-17-1024x683.jpg\" alt=\"\" class=\"wp-image-378\" srcset=\"https:\/\/fabianskajelinska.com\/wp-content\/uploads\/2025\/07\/fot-Studio-Trakcja-17-1024x683.jpg 1024w, https:\/\/fabianskajelinska.com\/wp-content\/uploads\/2025\/07\/fot-Studio-Trakcja-17-300x200.jpg 300w, https:\/\/fabianskajelinska.com\/wp-content\/uploads\/2025\/07\/fot-Studio-Trakcja-17-768x512.jpg 768w, https:\/\/fabianskajelinska.com\/wp-content\/uploads\/2025\/07\/fot-Studio-Trakcja-17-1536x1024.jpg 1536w\" sizes=\"(max-width: 1024px) 100vw, 1024px\" \/><\/figure>\n<\/figure>\n\n\n\n<h2 class=\"wp-block-heading\">Bio ENG<\/h2>\n\n\n\n<p><br>Ewa Fabia\u0144ska-Jeli\u0144ska studied composition from an early age, initially in the composition class of Magdalena Cynk at the Karol Szymanowski Music School in Toru\u0144. In 2013, she graduated with distinction from the I.J. Paderewski Academy of Music in Pozna\u0144. She is also a graduate of postgraduate studies in composition (2014) at the Universit\u00e4t f\u00fcr Musik und darstellende Kunst in Vienna and bachelor&#8217;s studies in musicology at the Adam Mickiewicz University in Pozna\u0144. In 2016, she obtained a doctorate in musical arts in the artistic discipline of composition and music theory, and in 2023 a postdoctoral degree.<\/p>\n\n\n\n<p>She is a laureate of several dozen prestigious national and international composition competitions, including the International Composition Competition in Oklahoma City, USA (2010), the Gramodeska International Composition Competition in Prague (2011), the T. Ochlewski National Composition Competition organized by the Polish Music Publishing House (2011 and 2015), the Marathon V-Festival International Composition Competition for young contemporary music in Vienna (2013), the Z. Mycielski National Composition Competition of the KM Association of Polish Composers (2013, 2014), the XIV. International Forum Music of Youth in Kyiv (2016), Special Prize European Piano Bridge at the 4th International Composition Competition Artistes en Herbe in Luxembourg (2017), 2nd Prize at the International Composition Competition First Accordion Composition Competition Fidelio in Madrid (2017), 3rd Prize at the International Composition Competition 4th Opus Dissonus Composition Competition 2018 in Brazil (2018), KALEIDOSCOPE 2019 International Composition Competition in Los Angeles, USA (2019), International Composition Competition Subtle Cheetah Brass Quintet in New York (2019), International Composition Competition NEW VISION in New York (2020), International Call for Score Musica Prospettiva in Italy (2020-2021), distinction in the International Composition Competition Classic Pure Vienna International Music Competition in Vienna (2022), distinction in the IX International Piano Competition Smederevo in the composition category in Serbia (2022) and the Golden Diploma in the &#8222;Composition&#8221; category at the International Competition &#8222;Musical Eagles&#8221; (2023).<\/p>\n\n\n\n<p>Ewa Fabia\u0144ska-Jeli\u0144ska has received numerous artistic and scientific scholarships, including Scholarships of the Minister of Culture and National Heritage (2012, 2020, 2024, including the \u201cYoung Poland\u201d scholarship), Zaiks Creative Scholarships, Scholarship for Outstanding Young Scientists awarded by the Ministry of Science and Higher Education (2017-2020), Polish Culture in the World (Adam Mickiewicz Institute) and the Medal of the Young Art of the Voice of Wielkopolska (2020).<\/p>\n\n\n\n<p>Her works are very often performed in Poland and during numerous prestigious festivals and concerts of contemporary music in Europe (Austria, Belgium, France, Czech Republic, Lithuania, Denmark, Estonia, Greece, Spain, Portugal, Netherlands, Ireland, Luxembourg, Germany, Italy, Norway, Majorca, Slovenia, Sweden, Ukraine, Iceland, Hungary, Romania, Switzerland, Kosovo), Asia (Indonesia, Iran, South Korea, Thailand, Vietnam), North America (New York, California, Oklahoma City, New Mexico, Kansas, New Jersey, Sacramento), South America (Brazil) and Australia (Sydney). The young artist&#8217;s composition <em>Three Polish Dances <\/em>for brass quintet was qualified by an international jury and performed in 2016 during one of the most important new music festivals in the world \u2013 World Music Days in South Korea, which is organized by the International Society for Contemporary Music (ISCM). The composer was one of the youngest participants of this Festival. In 2018, her piece Meditation III was selected from over 1,000 compositions to be performed as part of the SCI Conference at the University of New Mexico (USA). In recent years, Ewa Fabia\u0144ska-Jeli\u0144ska&#8217;s compositions have been presented, among others, during the following concerts and festivals: Festival of Premieres in Katowice, LOOP 11 in Belgium, Eesti Muusika P\u00e4evad in Estonia, Tehran Contemporary Music Festival in Iran, Internationales Posaunen Festival IPV in Basel, during the concert of laureates of the international composition competition at the Mozarthaus in Vienna, Word and music on exile and asylum at the Berlin Philharmonic, or as part of the International Flute Festival at the Sydney Opera House.<br><br>It is worth emphasising that Ewa Fabia\u0144ska-Jeli\u0144ska has participated twice in the national programme \u201cMusic of Our Times\u201d (Krzysztof Penderecki European Centre for Music in Lus\u0142awice) via a competition in recent years and was a resident of the Feliks Nowowiejski Music Society.<br><br>The composer has collaborated with the following ensembles and orchestras: Sac State Trombone Ensemble (USA), the New Mexico Contemporary Ensemble (USA), Subtle Cheetah (USA), The Oklahoma State University Trombone Ensemble (USA), SzegEd TRombone ENsemble (Hungary), Prague Modern (Czech Republic), United Instruments of Lucilin (Luxembourg), TrombQuartet, Duo Wola\u0144ska\/Gajda, Sepia Ensemble, Polish Violin Duo, Silesian Quartet, Neoquartet; The National Forum of Music Choir in Wroc\u0142aw, the Amadeus Chamber Orchestra of Polish Radio, the Baltic Neopolis Orchestra, the Pozna\u0144 Philharmonic Orchestra, the Sudecka Philharmonic Orchestra, the Cappella Gedanensis Choir and Orchestra, the \u015awi\u0119tokrzyska Philharmonic Orchestra, the Zielona G\u00f3ra Philharmonic Orchestra, Sinfonietta Cracovia, the Toru\u0144 Symphony Orchestra, and with conductors such as Agnieszka Duczmal, \u0141ukasz Borowicz, Szymon Bywalec, Jakub Chrenowicz, Henry Kennedy, Rafa\u0142 K\u0142oczko, Katarzyna Tomala-Jedynak, Monika Woli\u0144ska, Martyna Zych and Agnieszka Frank\u00f3w-\u017belazny.<br><br>Ewa Fabia\u0144ska-Jeli\u0144ska&#8217;s works are regularly published by, among others, PWM Polish Music Publishers, DUX, Ars Musica, the Publishing House of the Association of Polish Chamber Musicians, Acte Pr\u00e9lable, Crescendo Brass from Germany (special commission from Internationale Posaunenvereinigung), DA VINCI Publishing (Japan\/Italy) and Norsk Musikforlag from Norway.<br><br>In 2021, the composer&#8217;s first monographic album Ewa Fabia\u0144ska-Jeli\u0144ska was released.<em> Chamber Music<\/em>, published by DUX, for which the composer received the Bronze Medal at the prestigious Global Music Awards competition in California in 2 categories: composition\/composer and emerging artists. The composer has also been nominated for the FRYDERYK music award for her arrangement of Krzysztof Penderecki&#8217;s <em>Winterreise<\/em> for trombone and symphony orchestra.<br><br>Ewa Fabia\u0144ska-Jeli\u0144ska, who received the honorary badge &#8222;Meritorious for Polish Culture&#8221; (2021), is the President of the Pozna\u0144 branch of the Polish Composers&#8217; Union, a member of the Polish Society of Contemporary Music, and an assistant professor at the I.J. Paderewski Academy of Music in Pozna\u0144.<\/p>\n\n\n\n<p><\/p>","protected":false},"excerpt":{"rendered":"<p>Ewa Fabia\u0144ska-Jeli\u0144ska uczy\u0142a si\u0119 kompozycji od najm\u0142odszych lat, pocz\u0105tkowo w klasie kompozycji Magdaleny Cynk w Zespole Szk\u00f3\u0142 Muzycznych im. K. Szymanowskiego w Toruniu. W 2013 roku uko\u0144czy\u0142a z wyr\u00f3\u017cnieniem Akademi\u0119 Muzyczn\u0105 im. I. J. Paderewskiego w Poznaniu (klasa kompozycji prof. Z. Kozuba). Jest tak\u017ce absolwentk\u0105 studi\u00f3w podyplomowych z kompozycji (2014) w uczelni Universit\u00e4t f\u00fcr Musik&#8230;<\/p>","protected":false},"author":1,"featured_media":0,"parent":0,"menu_order":0,"comment_status":"closed","ping_status":"closed","template":"","meta":{"footnotes":""},"class_list":["post-196","page","type-page","status-publish","hentry"],"acf":[],"_links":{"self":[{"href":"https:\/\/fabianskajelinska.com\/en\/wp-json\/wp\/v2\/pages\/196"}],"collection":[{"href":"https:\/\/fabianskajelinska.com\/en\/wp-json\/wp\/v2\/pages"}],"about":[{"href":"https:\/\/fabianskajelinska.com\/en\/wp-json\/wp\/v2\/types\/page"}],"author":[{"embeddable":true,"href":"https:\/\/fabianskajelinska.com\/en\/wp-json\/wp\/v2\/users\/1"}],"replies":[{"embeddable":true,"href":"https:\/\/fabianskajelinska.com\/en\/wp-json\/wp\/v2\/comments?post=196"}],"version-history":[{"count":20,"href":"https:\/\/fabianskajelinska.com\/en\/wp-json\/wp\/v2\/pages\/196\/revisions"}],"predecessor-version":[{"id":379,"href":"https:\/\/fabianskajelinska.com\/en\/wp-json\/wp\/v2\/pages\/196\/revisions\/379"}],"wp:attachment":[{"href":"https:\/\/fabianskajelinska.com\/en\/wp-json\/wp\/v2\/media?parent=196"}],"curies":[{"name":"wp","href":"https:\/\/api.w.org\/{rel}","templated":true}]}}